{"id":69,"date":"2022-09-07T02:50:13","date_gmt":"2022-09-07T02:50:13","guid":{"rendered":"https:\/\/demo.ovatheme.com\/auntri\/?page_id=69"},"modified":"2023-02-24T14:32:33","modified_gmt":"2023-02-24T14:32:33","slug":"notre-gamme","status":"publish","type":"page","link":"https:\/\/comasud.ma\/index.php\/notre-gamme\/","title":{"rendered":"Notre gamme"},"content":{"rendered":"\t\t<div data-elementor-type=\"wp-page\" data-elementor-id=\"69\" class=\"elementor elementor-69\">\n\t\t\t\t\t\t<section class=\"elementor-section elementor-top-section elementor-element elementor-element-4d2b386 elementor-section-boxed elementor-section-height-default elementor-section-height-default\" data-id=\"4d2b386\" data-element_type=\"section\">\n\t\t\t\t\t\t<div class=\"elementor-container elementor-column-gap-no\">\n\t\t\t\t\t<div class=\"elementor-column elementor-col-100 elementor-top-column elementor-element elementor-element-412624f\" data-id=\"412624f\" data-element_type=\"column\">\n\t\t\t<div class=\"elementor-widget-wrap elementor-element-populated\">\n\t\t\t\t\t\t<div class=\"elementor-element elementor-element-8aa4f58 elementor-widget elementor-widget-auntri_elementor_heading\" data-id=\"8aa4f58\" data-element_type=\"widget\" data-widget_type=\"auntri_elementor_heading.default\">\n\t\t\t\t<div class=\"elementor-widget-container\">\n\t\t\t\n\t\t<div class=\"ova-title\">\n\n\t\t\t\n\t\t\t\t\t\t\t\n\t\t\t\t\n\t\t\t\t\t\n\t\t\t\t\t\t<h2 class=\"title\">NOTRE GAMME<\/h2>\n\n\t\t\t\t\t\n\t\t\t\t\n\t\t\t\n\t\t\t\t\t\t\t<p class=\"description\">Retrouvez dans votre enseigne Comasud tout le n\u00e9cessaire \u00e0 la construction et a l\u2019am\u00e9nagement de vos espaces:\n\nL&#039;entreprise Comasud s\u00e9lectionne pour vous les meilleurs produits sur le march\u00e9.\n\nNous commercialisons diff\u00e9rents produits dont nous d\u00e9tenons l&#039;exclusivit\u00e9 au Maroc. Nous faisons la vente en gros ou au d\u00e9tail aux professionnels et aux particuliers.\n\nNous vous offrons aux meilleurs prix des produits de qualit\u00e9 r\u00e9pondant aux exigences des professionnels.\n\nNotre \u00e9quipe de professionnels est \u00e0 votre service, pour toutes informations.<\/p>\n\t\t\t\n\t\t<\/div>\n\t\t \t\n\t\t\t\t<\/div>\n\t\t\t\t<\/div>\n\t\t\t\t\t<\/div>\n\t\t<\/div>\n\t\t\t\t\t<\/div>\n\t\t<\/section>\n\t\t\t\t<section class=\"elementor-section elementor-top-section elementor-element elementor-element-efdb0b9 elementor-section-boxed elementor-section-height-default elementor-section-height-default\" data-id=\"efdb0b9\" data-element_type=\"section\">\n\t\t\t\t\t\t<div class=\"elementor-container elementor-column-gap-default\">\n\t\t\t\t\t<div class=\"elementor-column elementor-col-100 elementor-top-column elementor-element elementor-element-114f410\" data-id=\"114f410\" data-element_type=\"column\">\n\t\t\t<div class=\"elementor-widget-wrap elementor-element-populated\">\n\t\t\t\t\t\t<div class=\"elementor-element elementor-element-ef911d2 elementor-widget elementor-widget-ovasev_elementor_service_box\" data-id=\"ef911d2\" data-element_type=\"widget\" data-widget_type=\"ovasev_elementor_service_box.default\">\n\t\t\t\t<div class=\"elementor-widget-container\">\n\t\t\t\n<div class=\"ova-service-box-elementor three_column\">\n\n\t\n\t\t\n\n\t<div class=\"ova-service-box-template ova-service-box-template1\">\n\n\t\t<div class=\"square\"><\/div>\n\t\t\n\t    <div class=\"img-service\">\n\n\t    \t\t<img decoding=\"async\" src=\"https:\/\/comasud.ma\/wp-content\/uploads\/2023\/02\/poutrelle-550x424.jpeg\" alt=\"POUTRELLE\">\n\n\t    \t\t\t\t\t<div class=\"icon\">\n\t\t\t\t\t<i class=\"flaticon flaticon-construction\"><\/i>\n\t\t\t\t<\/div>\n\t\t\t\t    <\/div>\n\t    \n\t    <div class=\"info\">\n\n\t    \t\n\n\t\t        \t\t\t\t\t<h4 class=\"title\">\n\t\t\t\t\t\tPOUTRELLE\t\t\t\t\t<\/h4>\n\t\t\t\t\n\t\t\n\n\t\t\t<a class=\"next-button\" href=\"#\"  title=\"POUTRELLE\">\n\t\t\t\t<i aria-hidden=\"true\" class=\"flaticon flaticon-right-arrow\"><\/i>\n\t\t\t<\/a>\n\n\t    <\/div>\n\n\t<\/div>\n\t\n\t\t\n\n\t<div class=\"ova-service-box-template ova-service-box-template1\">\n\n\t\t<div class=\"square\"><\/div>\n\t\t\n\t    <div class=\"img-service\">\n\n\t    \t\t<img decoding=\"async\" src=\"https:\/\/comasud.ma\/wp-content\/uploads\/2023\/02\/hourdis1-550x424.jpeg\" alt=\"HOURDIS\">\n\n\t    \t\t\t\t\t<div class=\"icon\">\n\t\t\t\t\t<i class=\"flaticon flaticon-construction\"><\/i>\n\t\t\t\t<\/div>\n\t\t\t\t    <\/div>\n\t    \n\t    <div class=\"info\">\n\n\t    \t\n\n\t\t        \t\t\t\t\t<h4 class=\"title\">\n\t\t\t\t\t\tHOURDIS\t\t\t\t\t<\/h4>\n\t\t\t\t\n\t\t\n\n\t\t\t<a class=\"next-button\" href=\"#\"  title=\"HOURDIS\">\n\t\t\t\t<i aria-hidden=\"true\" class=\"flaticon flaticon-right-arrow\"><\/i>\n\t\t\t<\/a>\n\n\t    <\/div>\n\n\t<\/div>\n\t\n\t\t\n\n\t<div class=\"ova-service-box-template ova-service-box-template1\">\n\n\t\t<div class=\"square\"><\/div>\n\t\t\n\t    <div class=\"img-service\">\n\n\t    \t\t<img decoding=\"async\" src=\"https:\/\/comasud.ma\/wp-content\/uploads\/2023\/02\/ciment-550x424.jpeg\" alt=\"CIMENTS\">\n\n\t    \t\t\t\t\t<div class=\"icon\">\n\t\t\t\t\t<i class=\"flaticon flaticon-construction\"><\/i>\n\t\t\t\t<\/div>\n\t\t\t\t    <\/div>\n\t    \n\t    <div class=\"info\">\n\n\t    \t\n\n\t\t        \t\t\t\t\t<h4 class=\"title\">\n\t\t\t\t\t\tCIMENTS\t\t\t\t\t<\/h4>\n\t\t\t\t\n\t\t\n\n\t\t\t<a class=\"next-button\" href=\"#\"  title=\"CIMENTS\">\n\t\t\t\t<i aria-hidden=\"true\" class=\"flaticon flaticon-right-arrow\"><\/i>\n\t\t\t<\/a>\n\n\t    <\/div>\n\n\t<\/div>\n\t\n\t\t\n\n\t<div class=\"ova-service-box-template ova-service-box-template1\">\n\n\t\t<div class=\"square\"><\/div>\n\t\t\n\t    <div class=\"img-service\">\n\n\t    \t\t<img decoding=\"async\" src=\"https:\/\/comasud.ma\/wp-content\/uploads\/2023\/02\/acier-550x424.jpeg\" alt=\"FIL D&rsquo;ATTACHE\">\n\n\t    \t\t\t\t\t<div class=\"icon\">\n\t\t\t\t\t<i class=\"flaticon flaticon-construction\"><\/i>\n\t\t\t\t<\/div>\n\t\t\t\t    <\/div>\n\t    \n\t    <div class=\"info\">\n\n\t    \t\n\n\t\t        \t\t\t\t\t<h4 class=\"title\">\n\t\t\t\t\t\tFIL D&rsquo;ATTACHE\t\t\t\t\t<\/h4>\n\t\t\t\t\n\t\t\n\n\t\t\t<a class=\"next-button\" href=\"#\"  title=\"FIL D&rsquo;ATTACHE\">\n\t\t\t\t<i aria-hidden=\"true\" class=\"flaticon flaticon-right-arrow\"><\/i>\n\t\t\t<\/a>\n\n\t    <\/div>\n\n\t<\/div>\n\t\n\t\t\n\n\t<div class=\"ova-service-box-template ova-service-box-template1\">\n\n\t\t<div class=\"square\"><\/div>\n\t\t\n\t    <div class=\"img-service\">\n\n\t    \t\t<img decoding=\"async\" src=\"https:\/\/comasud.ma\/wp-content\/uploads\/2023\/02\/fer-550x424.jpeg\" alt=\"FER\">\n\n\t    \t\t\t\t\t<div class=\"icon\">\n\t\t\t\t\t<i class=\"flaticon flaticon-construction\"><\/i>\n\t\t\t\t<\/div>\n\t\t\t\t    <\/div>\n\t    \n\t    <div class=\"info\">\n\n\t    \t\n\n\t\t        \t\t\t\t\t<h4 class=\"title\">\n\t\t\t\t\t\tFER\t\t\t\t\t<\/h4>\n\t\t\t\t\n\t\t\n\n\t\t\t<a class=\"next-button\" href=\"#\"  title=\"FER\">\n\t\t\t\t<i aria-hidden=\"true\" class=\"flaticon flaticon-right-arrow\"><\/i>\n\t\t\t<\/a>\n\n\t    <\/div>\n\n\t<\/div>\n\t\n\t\t\n\n\t<div class=\"ova-service-box-template ova-service-box-template1\">\n\n\t\t<div class=\"square\"><\/div>\n\t\t\n\t    <div class=\"img-service\">\n\n\t    \t\t<img decoding=\"async\" src=\"https:\/\/comasud.ma\/wp-content\/uploads\/2023\/02\/ruses-550x424.jpeg\" alt=\"BUSES BETON\">\n\n\t    \t\t\t\t\t<div class=\"icon\">\n\t\t\t\t\t<i class=\"flaticon flaticon-construction\"><\/i>\n\t\t\t\t<\/div>\n\t\t\t\t    <\/div>\n\t    \n\t    <div class=\"info\">\n\n\t    \t\n\n\t\t        \t\t\t\t\t<h4 class=\"title\">\n\t\t\t\t\t\tBUSES BETON\t\t\t\t\t<\/h4>\n\t\t\t\t\n\t\t\n\n\t\t\t<a class=\"next-button\" href=\"#\"  title=\"BUSES BETON\">\n\t\t\t\t<i aria-hidden=\"true\" class=\"flaticon flaticon-right-arrow\"><\/i>\n\t\t\t<\/a>\n\n\t    <\/div>\n\n\t<\/div>\n\t\n\t\t\n\n\t<div class=\"ova-service-box-template ova-service-box-template1\">\n\n\t\t<div class=\"square\"><\/div>\n\t\t\n\t    <div class=\"img-service\">\n\n\t    \t\t<img decoding=\"async\" src=\"https:\/\/comasud.ma\/wp-content\/uploads\/2023\/02\/bordures-550x424.jpeg\" alt=\"BORDURES\">\n\n\t    \t\t\t\t\t<div class=\"icon\">\n\t\t\t\t\t<i class=\"flaticon flaticon-construction\"><\/i>\n\t\t\t\t<\/div>\n\t\t\t\t    <\/div>\n\t    \n\t    <div class=\"info\">\n\n\t    \t\n\n\t\t        \t\t\t\t\t<h4 class=\"title\">\n\t\t\t\t\t\tBORDURES\t\t\t\t\t<\/h4>\n\t\t\t\t\n\t\t\n\n\t\t\t<a class=\"next-button\" href=\"#\"  title=\"BORDURES\">\n\t\t\t\t<i aria-hidden=\"true\" class=\"flaticon flaticon-right-arrow\"><\/i>\n\t\t\t<\/a>\n\n\t    <\/div>\n\n\t<\/div>\n\t\n\t\t\n\n\t<div class=\"ova-service-box-template ova-service-box-template1\">\n\n\t\t<div class=\"square\"><\/div>\n\t\t\n\t    <div class=\"img-service\">\n\n\t    \t\t<img decoding=\"async\" src=\"https:\/\/comasud.ma\/wp-content\/uploads\/2023\/02\/treillis-soude-550x424.jpeg\" alt=\"TREILLIS SOUDE\">\n\n\t    \t\t\t\t\t<div class=\"icon\">\n\t\t\t\t\t<i class=\"flaticon flaticon-construction\"><\/i>\n\t\t\t\t<\/div>\n\t\t\t\t    <\/div>\n\t    \n\t    <div class=\"info\">\n\n\t    \t\n\n\t\t        \t\t\t\t\t<h4 class=\"title\">\n\t\t\t\t\t\tTREILLIS SOUDE\t\t\t\t\t<\/h4>\n\t\t\t\t\n\t\t\n\n\t\t\t<a class=\"next-button\" href=\"#\"  title=\"TREILLIS SOUDE\">\n\t\t\t\t<i aria-hidden=\"true\" class=\"flaticon flaticon-right-arrow\"><\/i>\n\t\t\t<\/a>\n\n\t    <\/div>\n\n\t<\/div>\n\t\n<\/div>\t\t<\/div>\n\t\t\t\t<\/div>\n\t\t\t\t\t<\/div>\n\t\t<\/div>\n\t\t\t\t\t<\/div>\n\t\t<\/section>\n\t\t\t\t<\/div>\n\t\t","protected":false},"excerpt":{"rendered":"<p>NOTRE GAMME Retrouvez dans votre enseigne Comasud tout le n\u00e9cessaire \u00e0 la construction et a l\u2019am\u00e9nagement de vos espaces: L&#039;entreprise Comasud s\u00e9lectionne pour vous les meilleurs produits sur le march\u00e9. Nous commercialisons diff\u00e9rents produits dont nous d\u00e9tenons l&#039;exclusivit\u00e9 au Maroc. Nous faisons la vente en gros ou au d\u00e9tail aux professionnels et aux particuliers. Nous [&hellip;]<\/p>\n","protected":false},"author":1,"featured_media":0,"parent":0,"menu_order":0,"comment_status":"closed","ping_status":"closed","template":"elementor_header_footer","meta":{"footnotes":""},"class_list":["post-69","page","type-page","status-publish","hentry"],"_links":{"self":[{"href":"https:\/\/comasud.ma\/index.php\/wp-json\/wp\/v2\/pages\/69","targetHints":{"allow":["GET"]}}],"collection":[{"href":"https:\/\/comasud.ma\/index.php\/wp-json\/wp\/v2\/pages"}],"about":[{"href":"https:\/\/comasud.ma\/index.php\/wp-json\/wp\/v2\/types\/page"}],"author":[{"embeddable":true,"href":"https:\/\/comasud.ma\/index.php\/wp-json\/wp\/v2\/users\/1"}],"replies":[{"embeddable":true,"href":"https:\/\/comasud.ma\/index.php\/wp-json\/wp\/v2\/comments?post=69"}],"version-history":[{"count":10,"href":"https:\/\/comasud.ma\/index.php\/wp-json\/wp\/v2\/pages\/69\/revisions"}],"predecessor-version":[{"id":8633,"href":"https:\/\/comasud.ma\/index.php\/wp-json\/wp\/v2\/pages\/69\/revisions\/8633"}],"wp:attachment":[{"href":"https:\/\/comasud.ma\/index.php\/wp-json\/wp\/v2\/media?parent=69"}],"curies":[{"name":"wp","href":"https:\/\/api.w.org\/{rel}","templated":true}]}}