{"id":67,"date":"2022-09-07T02:49:31","date_gmt":"2022-09-07T02:49:31","guid":{"rendered":"https:\/\/demo.ovatheme.com\/auntri\/?page_id=67"},"modified":"2023-02-24T14:34:40","modified_gmt":"2023-02-24T14:34:40","slug":"qui-sommes-nous","status":"publish","type":"page","link":"https:\/\/comasud.ma\/index.php\/qui-sommes-nous\/","title":{"rendered":"Qui sommes nous"},"content":{"rendered":"\t\t<div data-elementor-type=\"wp-page\" data-elementor-id=\"67\" class=\"elementor elementor-67\">\n\t\t\t\t\t\t<section class=\"elementor-section elementor-top-section elementor-element elementor-element-664cf62 elementor-section-boxed elementor-section-height-default elementor-section-height-default\" data-id=\"664cf62\" data-element_type=\"section\">\n\t\t\t\t\t\t\t<div class=\"elementor-background-overlay\"><\/div>\n\t\t\t\t\t\t\t<div class=\"elementor-container elementor-column-gap-no\">\n\t\t\t\t\t<div class=\"elementor-column elementor-col-33 elementor-top-column elementor-element elementor-element-94ade54\" data-id=\"94ade54\" data-element_type=\"column\">\n\t\t\t<div class=\"elementor-widget-wrap elementor-element-populated\">\n\t\t\t\t\t\t<div class=\"elementor-element elementor-element-2ac3821 elementor-widget__width-auto elementor-widget-tablet__width-inherit elementor-widget elementor-widget-image\" data-id=\"2ac3821\" data-element_type=\"widget\" data-widget_type=\"image.default\">\n\t\t\t\t<div class=\"elementor-widget-container\">\n\t\t\t\t\t\t\t\t\t\t\t\t\t<img fetchpriority=\"high\" decoding=\"async\" width=\"326\" height=\"489\" src=\"https:\/\/comasud.ma\/wp-content\/uploads\/2022\/09\/construction-b.jpg\" class=\"attachment-full size-full wp-image-1839\" alt=\"\" srcset=\"https:\/\/comasud.ma\/wp-content\/uploads\/2022\/09\/construction-b.jpg 326w, https:\/\/comasud.ma\/wp-content\/uploads\/2022\/09\/construction-b-200x300.jpg 200w\" sizes=\"(max-width: 326px) 100vw, 326px\" \/>\t\t\t\t\t\t\t\t\t\t\t\t\t<\/div>\n\t\t\t\t<\/div>\n\t\t\t\t\t<\/div>\n\t\t<\/div>\n\t\t\t\t<div class=\"elementor-column elementor-col-33 elementor-top-column elementor-element elementor-element-ab0014f\" data-id=\"ab0014f\" data-element_type=\"column\">\n\t\t\t<div class=\"elementor-widget-wrap elementor-element-populated\">\n\t\t\t\t\t\t<div class=\"elementor-element elementor-element-5b9344c elementor-widget__width-auto elementor-widget elementor-widget-image\" data-id=\"5b9344c\" data-element_type=\"widget\" data-widget_type=\"image.default\">\n\t\t\t\t<div class=\"elementor-widget-container\">\n\t\t\t\t\t\t\t\t\t\t\t\t\t<img decoding=\"async\" width=\"327\" height=\"492\" src=\"https:\/\/comasud.ma\/wp-content\/uploads\/2022\/09\/construction-c.jpg\" class=\"attachment-full size-full wp-image-1840\" alt=\"\" srcset=\"https:\/\/comasud.ma\/wp-content\/uploads\/2022\/09\/construction-c.jpg 327w, https:\/\/comasud.ma\/wp-content\/uploads\/2022\/09\/construction-c-199x300.jpg 199w\" sizes=\"(max-width: 327px) 100vw, 327px\" \/>\t\t\t\t\t\t\t\t\t\t\t\t\t<\/div>\n\t\t\t\t<\/div>\n\t\t\t\t\t<\/div>\n\t\t<\/div>\n\t\t\t\t<div class=\"elementor-column elementor-col-33 elementor-top-column elementor-element elementor-element-32bb1b4\" data-id=\"32bb1b4\" data-element_type=\"column\">\n\t\t\t<div class=\"elementor-widget-wrap elementor-element-populated\">\n\t\t\t\t\t\t<div class=\"elementor-element elementor-element-16ee843 elementor-widget elementor-widget-auntri_elementor_heading\" data-id=\"16ee843\" data-element_type=\"widget\" data-widget_type=\"auntri_elementor_heading.default\">\n\t\t\t\t<div class=\"elementor-widget-container\">\n\t\t\t\n\t\t<div class=\"ova-title\">\n\n\t\t\t\t\t\t\t<h3 class=\"sub-title\">Comasud<\/h3>\n\t\t\t\n\t\t\t\t\t\t\t\n\t\t\t\t\t\t\t\t\t<div class=\"box-title\">\n\t\t\t\t\t\t<div class=\"line-top\"><\/div>\n\t\t\t\t\n\t\t\t\t\t\n\t\t\t\t\t\t<h2 class=\"title\">Qui sommes nous <\/h2>\n\n\t\t\t\t\t\n\t\t\t\t\t\t\t\t\t<\/div>\n\t\t\t\t\n\t\t\t\n\t\t\t\n\t\t<\/div>\n\t\t \t\n\t\t\t\t<\/div>\n\t\t\t\t<\/div>\n\t\t\t\t<div class=\"elementor-element elementor-element-3495576 elementor-widget elementor-widget-text-editor\" data-id=\"3495576\" data-element_type=\"widget\" data-widget_type=\"text-editor.default\">\n\t\t\t\t<div class=\"elementor-widget-container\">\n\t\t\t\t\t\t\t<p>Comasud occupe une position de prestige sur le march\u00e9 gr\u00e2ce \u00e0 ses relations de confiance avec ses fournisseurs et ses clients que ce soit des professionnels ou des particuliers.<br \/>\u00c0 Comasud nous proposons une large gamme de produits marocains et d\u2019importations.<br \/>Depuis sa cr\u00e9ation en 1979 Comasud n\u2019a pas cess\u00e9 de se d\u00e9velopper, elle met \u00e0 votre disposition une vari\u00e9t\u00e9 de produits toutes gammes confondues et une \u00e9quipe dynamique pour vous suivre et vous conseiller dans le choix le mieux adapt\u00e9 \u00e0 votre cas.<br \/>Au fil de cette \u00e9volution nous avons toujours plac\u00e9 nos clients au centre de nos pr\u00e9occupations.<br \/>En effet, \u00e0 Comasud nous prenons toujours soin de choisir pour nos clients des produits de qualit\u00e9 \u00e0 des prix tr\u00e8s comp\u00e9titifs, tous en leurs pr\u00e9sentant des conseils et des suggestions compatible \u00e0 leurs besoins.<\/p>\t\t\t\t\t\t<\/div>\n\t\t\t\t<\/div>\n\t\t\t\t<section class=\"elementor-section elementor-inner-section elementor-element elementor-element-c707084 elementor-section-full_width elementor-section-height-default elementor-section-height-default\" data-id=\"c707084\" data-element_type=\"section\">\n\t\t\t\t\t\t<div class=\"elementor-container elementor-column-gap-no\">\n\t\t\t\t\t<div class=\"elementor-column elementor-col-100 elementor-inner-column elementor-element elementor-element-33ac286\" data-id=\"33ac286\" data-element_type=\"column\">\n\t\t\t<div class=\"elementor-widget-wrap elementor-element-populated\">\n\t\t\t\t\t\t<div class=\"elementor-element elementor-element-90c3573 elementor-widget elementor-widget-button\" data-id=\"90c3573\" data-element_type=\"widget\" data-widget_type=\"button.default\">\n\t\t\t\t<div class=\"elementor-widget-container\">\n\t\t\t\t\t\t\t<div class=\"elementor-button-wrapper\">\n\t\t\t\t\t<a class=\"elementor-button elementor-button-link elementor-size-sm\" href=\"https:\/\/comasud.ma\/index.php\/notre-gamme\/\">\n\t\t\t\t\t\t<span class=\"elementor-button-content-wrapper\">\n\t\t\t\t\t\t\t\t\t<span class=\"elementor-button-text\">Voir Notre PRODUITs<\/span>\n\t\t\t\t\t<\/span>\n\t\t\t\t\t<\/a>\n\t\t\t\t<\/div>\n\t\t\t\t\t\t<\/div>\n\t\t\t\t<\/div>\n\t\t\t\t\t<\/div>\n\t\t<\/div>\n\t\t\t\t\t<\/div>\n\t\t<\/section>\n\t\t\t\t\t<\/div>\n\t\t<\/div>\n\t\t\t\t\t<\/div>\n\t\t<\/section>\n\t\t\t\t<\/div>\n\t\t","protected":false},"excerpt":{"rendered":"<p>Comasud Qui sommes nous Comasud occupe une position de prestige sur le march\u00e9 gr\u00e2ce \u00e0 ses relations de confiance avec ses fournisseurs et ses clients que ce soit des professionnels ou des particuliers.\u00c0 Comasud nous proposons une large gamme de produits marocains et d\u2019importations.Depuis sa cr\u00e9ation en 1979 Comasud n\u2019a pas cess\u00e9 de se d\u00e9velopper, [&hellip;]<\/p>\n","protected":false},"author":1,"featured_media":0,"parent":0,"menu_order":0,"comment_status":"closed","ping_status":"closed","template":"elementor_header_footer","meta":{"footnotes":""},"class_list":["post-67","page","type-page","status-publish","hentry"],"_links":{"self":[{"href":"https:\/\/comasud.ma\/index.php\/wp-json\/wp\/v2\/pages\/67","targetHints":{"allow":["GET"]}}],"collection":[{"href":"https:\/\/comasud.ma\/index.php\/wp-json\/wp\/v2\/pages"}],"about":[{"href":"https:\/\/comasud.ma\/index.php\/wp-json\/wp\/v2\/types\/page"}],"author":[{"embeddable":true,"href":"https:\/\/comasud.ma\/index.php\/wp-json\/wp\/v2\/users\/1"}],"replies":[{"embeddable":true,"href":"https:\/\/comasud.ma\/index.php\/wp-json\/wp\/v2\/comments?post=67"}],"version-history":[{"count":24,"href":"https:\/\/comasud.ma\/index.php\/wp-json\/wp\/v2\/pages\/67\/revisions"}],"predecessor-version":[{"id":8642,"href":"https:\/\/comasud.ma\/index.php\/wp-json\/wp\/v2\/pages\/67\/revisions\/8642"}],"wp:attachment":[{"href":"https:\/\/comasud.ma\/index.php\/wp-json\/wp\/v2\/media?parent=67"}],"curies":[{"name":"wp","href":"https:\/\/api.w.org\/{rel}","templated":true}]}}